{"id":34,"date":"2016-03-24T10:52:25","date_gmt":"2016-03-24T09:52:25","guid":{"rendered":"http:\/\/centrumrowerowe.eu\/?page_id=34"},"modified":"2019-02-10T23:33:13","modified_gmt":"2019-02-10T22:33:13","slug":"o-nas","status":"publish","type":"page","link":"https:\/\/centrumrowerowe.eu\/index.php\/o-nas\/","title":{"rendered":"O nas"},"content":{"rendered":"<div id=\"pl-34\"  class=\"panel-layout\" ><div id=\"pg-34-0\"  class=\"panel-grid panel-no-style\" ><div id=\"pgc-34-0-0\"  class=\"panel-grid-cell\" ><div id=\"panel-34-0-0-0\" class=\"so-panel widget widget_sow-editor panel-first-child\" data-index=\"0\" ><div\n\t\t\t\n\t\t\tclass=\"so-widget-sow-editor so-widget-sow-editor-base\"\n\t\t\t\n\t\t>\n<div class=\"siteorigin-widget-tinymce textwidget\">\n\t<p>\u00a0<\/p>\n<p>\u00a0<img loading=\"lazy\" decoding=\"async\" class=\"size-medium wp-image-128 aligncenter\" src=\"http:\/\/centrumrowerowe.eu\/wp-content\/uploads\/2016\/03\/IMG_7176-300x200.jpg\" alt=\"IMG_7176\" width=\"300\" height=\"200\" srcset=\"https:\/\/centrumrowerowe.eu\/wp-content\/uploads\/2016\/03\/IMG_7176-300x200.jpg 300w, https:\/\/centrumrowerowe.eu\/wp-content\/uploads\/2016\/03\/IMG_7176-272x182.jpg 272w, https:\/\/centrumrowerowe.eu\/wp-content\/uploads\/2016\/03\/IMG_7176.jpg 720w\" sizes=\"auto, (max-width: 300px) 100vw, 300px\" \/><\/p>\n<p>\u00a0<img loading=\"lazy\" decoding=\"async\" class=\"size-medium wp-image-129 aligncenter\" src=\"http:\/\/centrumrowerowe.eu\/wp-content\/uploads\/2016\/03\/IMG_7129-300x200.jpg\" alt=\"IMG_7129\" width=\"300\" height=\"200\" srcset=\"https:\/\/centrumrowerowe.eu\/wp-content\/uploads\/2016\/03\/IMG_7129-300x200.jpg 300w, https:\/\/centrumrowerowe.eu\/wp-content\/uploads\/2016\/03\/IMG_7129-272x182.jpg 272w, https:\/\/centrumrowerowe.eu\/wp-content\/uploads\/2016\/03\/IMG_7129.jpg 720w\" sizes=\"auto, (max-width: 300px) 100vw, 300px\" \/><\/p>\n<p>\u00a0<img loading=\"lazy\" decoding=\"async\" class=\"size-medium wp-image-130 aligncenter\" src=\"http:\/\/centrumrowerowe.eu\/wp-content\/uploads\/2016\/03\/IMG_7168-300x200.jpg\" alt=\"IMG_7168\" width=\"300\" height=\"200\" srcset=\"https:\/\/centrumrowerowe.eu\/wp-content\/uploads\/2016\/03\/IMG_7168-300x200.jpg 300w, https:\/\/centrumrowerowe.eu\/wp-content\/uploads\/2016\/03\/IMG_7168-272x182.jpg 272w, https:\/\/centrumrowerowe.eu\/wp-content\/uploads\/2016\/03\/IMG_7168.jpg 720w\" sizes=\"auto, (max-width: 300px) 100vw, 300px\" \/><\/p>\n<\/div>\n<\/div><\/div><div id=\"panel-34-0-0-1\" class=\"so-panel widget widget_sow-editor panel-last-child\" data-index=\"1\" ><div\n\t\t\t\n\t\t\tclass=\"so-widget-sow-editor so-widget-sow-editor-base\"\n\t\t\t\n\t\t>\n<div class=\"siteorigin-widget-tinymce textwidget\">\n\t<p style=\"text-align: center;\">\u00a0<\/p>\n<p style=\"text-align: center;\">\u00a0<\/p>\n<p style=\"text-align: center;\">\u00a0 \u00a0<img loading=\"lazy\" decoding=\"async\" class=\"size-full wp-image-120 aligncenter\" src=\"http:\/\/centrumrowerowe.eu\/wp-content\/uploads\/2016\/03\/logo.png\" alt=\"logo\" width=\"157\" height=\"58\" \/><\/p>\n<p>\u00a0<\/p>\n<\/div>\n<\/div><\/div><\/div><div id=\"pgc-34-0-1\"  class=\"panel-grid-cell\" ><div id=\"panel-34-0-1-0\" class=\"so-panel widget widget_sow-editor panel-first-child panel-last-child\" data-index=\"2\" ><div\n\t\t\t\n\t\t\tclass=\"so-widget-sow-editor so-widget-sow-editor-base\"\n\t\t\t\n\t\t>\n<div class=\"siteorigin-widget-tinymce textwidget\">\n\t<h3 style=\"text-align: justify;\"><span style=\"color: #ff0000;\">O sklepie..<\/span><\/h3>\n<p style=\"text-align: justify;\"><strong><br \/>Centrum Rowerowe<\/strong> to wyj\u0105tkowe\u00a0miejsce na rowerowej mapie Puszczy Zielonka. Po\u0142\u0105czenie innowacyjno\u015bci, \u015bwie\u017co\u015bci spojrzenia oraz pasji\u00a0z olbrzymi\u0105 wiedz\u0105 popart\u0105 latami do\u015bwiadcze\u0144 w bran\u017cy rowerowej.<\/p>\n<p style=\"text-align: justify;\">Ponad <strong>20 lat obecno\u015bci w bran\u017cy i w\u0142asnych przyg\u00f3d z dwoma k\u00f3\u0142kami <\/strong>sprawia, \u017ce trudno w okolicy o lepsze miejsce zwi\u0105zane z rowerami.<\/p>\n<p style=\"text-align: justify;\"><strong>Fachowa, mi\u0142a i sprawna obs\u0142uga<\/strong> w jednym z najnowocze\u015bniejszych sklep\u00f3w rowerowych w regionie (posiadaj\u0105cym og\u00f3lnodost\u0119pn\u0105 ekspozycj\u0119 ponad 20 topowych marek rowerowych), po\u0142\u0105czona z <strong>szybkim i profesjonalnym serwisem<\/strong> wyposa\u017conym w narz\u0119dzia wiod\u0105cych producent\u00f3w. Czego chcie\u0107 wi\u0119cej?<\/p>\n<p style=\"text-align: justify;\"><strong>Ufaj\u0105 nam<\/strong> zar\u00f3wno amatorzy kolarstwa szosowego oraz g\u00f3rskiego, jak i osoby kt\u00f3re wyczynowo uprawiaj\u0105 ten sport. Swoj\u0105 pomoc\u0105 i radami s\u0142u\u017cymy zawodnikom, amatorom i tym kt\u00f3rzy dopiero rozpoczynaj\u0105 swoj\u0105 przygod\u0119 z rowerami. Akcesoria i ekwipunek rowerowy\u00a0nabywaj\u0105 u nas rodziny z dzie\u0107mi, ale tak\u017ce startuj\u0105cy w maratonach, triathlonach oraz r\u00f3\u017cnego rodzaju innych zawodach.<\/p>\n<p style=\"text-align: justify;\">Naszym priorytetem jest <strong>indywidualne podej\u015bcie do klienta<\/strong>. To my jeste\u015bmy dla Ciebie.<\/p>\n<p style=\"text-align: justify;\">Dzi\u0119ki <strong>bliskiej odleg\u0142o\u015bci Puszczy Zielonki<\/strong> nasz punkt jest \u015bwietnym miejscem dla sprawdzenia swojego sprz\u0119tu, b\u0105d\u017a jego uzupe\u0142nienia przed wypadem w celu eksploracji setek kilometr\u00f3w \u015bcie\u017cek rowerowych.<\/p>\n<h3 style=\"text-align: justify;\">\u00a0<\/h3>\n<h3 style=\"text-align: justify;\"><span style=\"color: #ff0000;\">O sieci..<\/span><\/h3>\n<p style=\"text-align: justify;\">\u201eDobre Sklepy Rowerowe\u201d to <strong>najwi\u0119ksza og\u00f3lnopolska sie\u0107 specjalistycznych sklep\u00f3w rowerowych<\/strong>. Plac\u00f3wki oznaczone logotypem \u201eDobre Sklepy Rowerowe\u201d wyr\u00f3\u017cniaj\u0105 si\u0119 <strong>kompleksow\u0105 i atrakcyjn\u0105 ofert\u0105, wysokim poziomem obs\u0142ugi klient\u00f3w oraz profesjonalnym serwisem<\/strong>.<\/p>\n<\/div>\n<\/div><\/div><\/div><\/div><div id=\"pg-34-1\"  class=\"panel-grid panel-no-style\" ><div id=\"pgc-34-1-0\"  class=\"panel-grid-cell\" ><div id=\"panel-34-1-0-0\" class=\"so-panel widget widget_sow-editor panel-first-child\" data-index=\"3\" ><div\n\t\t\t\n\t\t\tclass=\"so-widget-sow-editor so-widget-sow-editor-base\"\n\t\t\t\n\t\t>\n<div class=\"siteorigin-widget-tinymce textwidget\">\n\t<p style=\"text-align: justify;\">Znale\u017a\u0107 w nich mo\u017cna przede wszystkim rowery marki\u00a0<strong>Author, Accent i AGang<\/strong>, a tak\u017ce bardzo bogat\u0105 gam\u0119 cz\u0119\u015bci rowerowych, akcesori\u00f3w oraz stroj\u00f3w kolarskich uznanych producent\u00f3w bran\u017cy rowerowej.<\/p>\n<p style=\"text-align: justify;\">Sie\u0107 \u201eDobre Sklepy Rowerowe\u201d dzia\u0142a na polskim rynku z powodzeniem od kilku lat. Ka\u017cdy ze sklep\u00f3w to niezale\u017cne przedsi\u0119biorstwo handlowe, kt\u00f3re konsekwentnie stara si\u0119 podwy\u017csza\u0107 standardy obs\u0142ugi swoich klient\u00f3w, jak r\u00f3wnie\u017c coraz lepiej odpowiada\u0107 na rosn\u0105ce wymagania rynku rowerowego.<\/p>\n<p style=\"text-align: justify;\">Sprzedawcy ch\u0119tnie udziel\u0105 Pa\u0144stwu fachowej porady technicznej na temat oferowanych produkt\u00f3w, doradz\u0105 i pomog\u0105 w podj\u0119ciu trafnych decyzji uwzgl\u0119dniaj\u0105cych Pa\u0144stwa potrzeby.<\/p>\n<p style=\"text-align: justify;\">Poprzez\u00a0<strong>szeroki asortyment markowych produkt\u00f3w<\/strong>,\u00a0<strong>fachow\u0105 obs\u0142ug\u0119 oraz atrakcyjne akcje promocyjne<\/strong>\u00a0organizowane w sieci \u201eDobre Sklepy Rowerowe\u201d gwarantujemy Pa\u0144stwu komfort zakup\u00f3w.<\/p>\n<\/div>\n<\/div><\/div><div id=\"panel-34-1-0-1\" class=\"so-panel widget widget_sow-editor panel-last-child\" data-index=\"4\" ><div\n\t\t\t\n\t\t\tclass=\"so-widget-sow-editor so-widget-sow-editor-base\"\n\t\t\t\n\t\t>\n<div class=\"siteorigin-widget-tinymce textwidget\">\n\t<p><img loading=\"lazy\" decoding=\"async\" class=\"alignnone size-large wp-image-82\" src=\"http:\/\/centrumrowerowe.eu\/wp-content\/uploads\/2016\/03\/IMG_7134-1-1024x199.jpg\" alt=\"IMG_7134\" width=\"821\" height=\"160\" srcset=\"https:\/\/centrumrowerowe.eu\/wp-content\/uploads\/2016\/03\/IMG_7134-1-1024x199.jpg 1024w, https:\/\/centrumrowerowe.eu\/wp-content\/uploads\/2016\/03\/IMG_7134-1-300x58.jpg 300w, https:\/\/centrumrowerowe.eu\/wp-content\/uploads\/2016\/03\/IMG_7134-1-768x149.jpg 768w\" sizes=\"auto, (max-width: 821px) 100vw, 821px\" \/><\/p>\n<\/div>\n<\/div><\/div><\/div><\/div><\/div>","protected":false},"excerpt":{"rendered":"<p>\u00a0\u00a0\u00a0\u00a0 \u00a0\u00a0\u00a0 \u00a0\u00a0 O sklepie..Centrum Rowerowe to wyj\u0105tkowe\u00a0miejsce na rowerowej mapie Puszczy Zielonka. Po\u0142\u0105czenie innowacyjno\u015bci, \u015bwie\u017co\u015bci spojrzenia oraz pasji\u00a0z olbrzymi\u0105 wiedz\u0105 popart\u0105 latami do\u015bwiadcze\u0144 w bran\u017cy rowerowej.Ponad 20 lat obecno\u015bci w bran\u017cy i w\u0142asnych przyg\u00f3d z dwoma k\u00f3\u0142kami sprawia, \u017ce trudno w okolicy o lepsze miejsce zwi\u0105zane z rowerami.Fachowa, mi\u0142a i sprawna obs\u0142uga w jednym&hellip;<\/p>\n","protected":false},"author":1,"featured_media":0,"parent":0,"menu_order":0,"comment_status":"closed","ping_status":"closed","template":"","meta":{"footnotes":""},"class_list":["post-34","page","type-page","status-publish","hentry"],"_links":{"self":[{"href":"https:\/\/centrumrowerowe.eu\/index.php\/wp-json\/wp\/v2\/pages\/34","targetHints":{"allow":["GET"]}}],"collection":[{"href":"https:\/\/centrumrowerowe.eu\/index.php\/wp-json\/wp\/v2\/pages"}],"about":[{"href":"https:\/\/centrumrowerowe.eu\/index.php\/wp-json\/wp\/v2\/types\/page"}],"author":[{"embeddable":true,"href":"https:\/\/centrumrowerowe.eu\/index.php\/wp-json\/wp\/v2\/users\/1"}],"replies":[{"embeddable":true,"href":"https:\/\/centrumrowerowe.eu\/index.php\/wp-json\/wp\/v2\/comments?post=34"}],"version-history":[{"count":37,"href":"https:\/\/centrumrowerowe.eu\/index.php\/wp-json\/wp\/v2\/pages\/34\/revisions"}],"predecessor-version":[{"id":187,"href":"https:\/\/centrumrowerowe.eu\/index.php\/wp-json\/wp\/v2\/pages\/34\/revisions\/187"}],"wp:attachment":[{"href":"https:\/\/centrumrowerowe.eu\/index.php\/wp-json\/wp\/v2\/media?parent=34"}],"curies":[{"name":"wp","href":"https:\/\/api.w.org\/{rel}","templated":true}]}}